{"id":2115,"date":"2023-07-08T08:00:04","date_gmt":"2023-07-08T08:00:04","guid":{"rendered":"https:\/\/sonnet.es\/cookie-policy\/"},"modified":"2023-12-12T10:58:13","modified_gmt":"2023-12-12T10:58:13","slug":"politica-de-cookies","status":"publish","type":"page","link":"https:\/\/sonnet.es\/es\/politica-de-cookies\/","title":{"rendered":"Pol\u00edtica de cookies"},"content":{"rendered":"<p><strong>\u00bfQu\u00e9 son las cookies?<\/strong><\/p>\n<p>Una cookie es un fichero que se descarga en su ordenador al acceder a determinadas p\u00e1ginas web. Las cookies permiten a una p\u00e1gina web, entre otras cosas, almacenar y recuperar informaci\u00f3n sobre h\u00e1bitos de navegaci\u00f3n de un usuario o de su equipo y, dependiendo de la informaci\u00f3n que contengan y de la forma que utilice su equipo, pueden utilizarse para reconocer al usuario an\u00f3nimo.<\/p>\n<p>Las Cookies se asocian \u00fanicamente a un Usuario an\u00f3nimo y su ordenador y no proporcionan referencias que permitan deducir datos personales del Usuario.<\/p>\n<p>En el caso de Usuarios registrados que se registren o que hayan iniciado sesi\u00f3n, podr\u00e1n beneficiarse de unos servicios m\u00e1s personalizados y orientados a su perfil, gracias a la combinaci\u00f3n de los datos almacenados en las cookies con los datos personales utilizados en el momento de su registro. Dichos Usuarios autorizan expresamente el uso de esta informaci\u00f3n con la finalidad indicada, sin perjuicio de su derecho a rechazar o deshabilitar el uso de cookies.<\/p>\n<p><strong>Tipolog\u00eda, finalidad y funcionamiento de las Cookies en General.<\/strong><\/p>\n<p><strong>1. Tipos de cookies seg\u00fan el plazo de tiempo que permanecen activadas.<\/strong><\/p>\n<p>Seg\u00fan el plazo de tiempo que permanecen activadas en el equipo terminal podemos distinguir:<\/p>\n<p><strong>Cookies de sesi\u00f3n:<\/strong> Son l un tipo de cookies dise\u00f1adas para recabar y almacenar datos mientras el usuario accede a una p\u00e1gina web. Se suelen emplear para almacenar informaci\u00f3n que solo interesa conservar para la prestaci\u00f3n del servicio solicitado por el usuario en una sola ocasi\u00f3n (p.e. una lista de productos adquiridos).<\/p>\n<p><strong>Cookies persistentes<\/strong>: Son un tipo de cookies en el que los datos siguen almacenados en el terminal y pueden ser accedidos y tratados durante un periodo definido por el responsable de la cookie, y que puede ir de unos minutos a varios a\u00f1os.<\/p>\n<p><strong>2. Tipos de cookies seg\u00fan la entidad que las gestione.<\/strong><\/p>\n<p>Seg\u00fan quien sea la entidad que gestione el equipo o dominio desde donde se env\u00edan las cookies y trate los datos que se obtengan, podemos distinguir:<\/p>\n<p><strong>Cookies propias<\/strong>: Son aqu\u00e9llas que se env\u00edan al equipo terminal del usuario desde un equipo o dominio gestionado por el propio editor y desde el que se presta el servicio solicitado por el usuario.<\/p>\n<p><strong>Cookies de tercero:<\/strong> Son l aqu\u00e9llas que se env\u00edan al equipo terminal del usuario desde un equipo o dominio que no es gestionado por el editor, sino por otra entidad que trata los datos obtenidos trav\u00e9s de las cookies.<\/p>\n<p><strong>3. Tipos de cookies seg\u00fan su finalidad.<\/strong><\/p>\n<p>Seg\u00fan la finalidad para la que se traten los datos obtenidos a trav\u00e9s de las cookies, podemos distinguir entre:<\/p>\n<p><strong>Cookies t\u00e9cnicas:<\/strong> Son aqu\u00e9llas que permiten al usuario la navegaci\u00f3n a trav\u00e9s de una p\u00e1gina web, plataforma o aplicaci\u00f3n y la utilizaci\u00f3n de las diferentes opciones o servicios que en ella existan como, por ejemplo, controlar el tr\u00e1fico y la comunicaci\u00f3n de datos, identificar la sesi\u00f3n, acceder a partes de acceso restringido, recordar los elementos que integran un pedido, realizar el proceso de compra de un pedido, realizar la solicitud de inscripci\u00f3n o participaci\u00f3n en un evento, utilizar elementos de seguridad durante la navegaci\u00f3n, almacenar contenidos para la difusi\u00f3n de videos o sonido o compartir contenidos a trav\u00e9s de redes sociales.<\/p>\n<p><strong>Cookies de personalizaci\u00f3n<\/strong>: Son aqu\u00e9llas que permiten al usuario acceder al servicio con algunas caracter\u00edsticas de car\u00e1cter general predefinidas en funci\u00f3n de una serie de criterios en el terminal del usuario como por ejemplo serian el idioma, el tipo de<br \/>\nnavegador a trav\u00e9s del cual accede al servicio, la configuraci\u00f3n regional desde donde accede al servicio, etc.<\/p>\n<p><strong>Cookies de an\u00e1lisis:<\/strong> Son aqu\u00e9llas que permiten al responsable de las mismas, el seguimiento y an\u00e1lisis del comportamiento de los usuarios de los sitios web a los que est\u00e1n vinculadas. La informaci\u00f3n recogida mediante este tipo de cookies se utiliza en la medici\u00f3n de la actividad de los sitios web, aplicaci\u00f3n o plataforma y para la elaboraci\u00f3n de perfiles de navegaci\u00f3n de los usuarios de dichos sitios, aplicaciones y plataformas, con el fin de introducir mejoras en funci\u00f3n del an\u00e1lisis de los datos de uso que hacen los usuarios del servicio.<\/p>\n<p><strong>Cookies publicitarias:<\/strong> Son aqu\u00e9llas que permiten la gesti\u00f3n, de la forma m\u00e1s eficaz posible, de los espacios publicitarios que, en su caso, el editor haya incluido en una p\u00e1gina web, aplicaci\u00f3n o plataforma desde la que presta el servicio solicitado en base a<br \/>\ncriterios como el contenido editado o la frecuencia en la que se muestran los anuncios.<\/p>\n<p><strong>Cookies de publicidad comportamental:<\/strong> Son aqu\u00e9llas que permiten la gesti\u00f3n, de la forma m\u00e1s eficaz posible, de los espacios publicitarios que, en su caso, el editor haya incluido en una p\u00e1gina web, aplicaci\u00f3n o plataforma desde la que presta el servicio solicitado. Estas cookies almacenan informaci\u00f3n del comportamiento de los usuarios obtenida a trav\u00e9s de la observaci\u00f3n continuada de sus h\u00e1bitos de navegaci\u00f3n, lo que permite desarrollar un perfil espec\u00edfico para mostrar publicidad en funci\u00f3n del mismo.<\/p>\n<p><strong>Consentimiento y Autorizaci\u00f3n para el uso de cookies<\/strong><br \/>\nAl acceder a este sitio web por primera vez, ver\u00e1 un espacio o banner donde se le informa de la utilizaci\u00f3n de las cookies y donde puede consultar esta pol\u00edtica de cookies mediante un link. Si usted consiente la utilizaci\u00f3n de cookies, contin\u00faa navegando haciendo uso de la barra de desplazamiento o scroll o hace clic en alg\u00fan link (aceptar) seg\u00fan proceda, se entender\u00e1 que usted ha consentido nuestra pol\u00edtica de cookies y, por tanto, la aceptaci\u00f3n para la instalaci\u00f3n de las mismas en su equipo o dispositivo, excepto en la medida que haya modificado la configuraci\u00f3n de su navegador para rechazar la utilizaci\u00f3n de las<br \/>\nmismas.<\/p>\n<p><strong>\u00bfQu\u00e9 tipos de cookies utiliza esta p\u00e1gina web en particular?<\/strong><br \/>\nDefinici\u00f3n, Identificaci\u00f3n y finalidad de las cookies de esta Web no exceptuadas por la LSSI.<\/p>\n<p>Ser\u00edan:<\/p>\n<p><strong>Cookies de an\u00e1lisis:<\/strong> Son l aqu\u00e9llas que bien tratadas por nosotros o por terceros, nos permiten cuantificar el n\u00famero de usuarios y as\u00ed realizar la medici\u00f3n y an\u00e1lisis estad\u00edstico de la utilizaci\u00f3n que hacen los usuarios del servicio ofertado. Para ello se analiza su navegaci\u00f3n en nuestra p\u00e1gina web con el fin de mejorar la oferta de productos o servicios que le ofrecemos.<\/p>\n<p><strong>Cookies publicitarias:<\/strong> Son aqu\u00e9llas que, bien tratadas por nosotros o por terceros, nos permiten gestionar de la forma m\u00e1s eficaz posible la oferta de los espacios publicitarios que hay en la p\u00e1gina web, adecuando el contenido del anuncio al contenido del servicio solicitado o al uso que realice de nuestra p\u00e1gina web. Para ello podemos analizar sus h\u00e1bitos de navegaci\u00f3n en Internet y podemos mostrarle publicidad relacionada con su perfil de navegaci\u00f3n.<\/p>\n<p><strong>Cuadro de identificaci\u00f3n de las cookies y finalidad.<\/strong><\/p>\n<p>Nombre del editor, nombre de la cookie, \u00abtipo\u00bb y Prop\u00f3sito.<\/p>\n<p>&nbsp;<\/p>\n<table class=\"default\" style=\"height: 1711px; rules: all; border: #b2b2b2 2px solid;\">\n<tbody>\n<tr>\n<td style=\"text-align: center;\">\n<h5><strong>Cookie<\/strong><\/h5>\n<\/td>\n<td>\n<h5 style=\"text-align: center;\"><strong>Tipo<\/strong><\/h5>\n<\/td>\n<td>\n<h5 style=\"text-align: center;\"><strong>Nombre<\/strong><\/h5>\n<\/td>\n<td>\n<h5 style=\"text-align: center;\"><strong>Prop\u00f3sito<\/strong><\/h5>\n<\/td>\n<td style=\"text-align: center;\">\n<h5><strong>M\u00e1s informaci\u00f3n<\/strong><\/h5>\n<\/td>\n<\/tr>\n<tr>\n<td style=\"text-align: center;\">\n<h6>WP-WPML_CURRENT_LANGUAGE<\/h6>\n<\/td>\n<td style=\"text-align: center;\">\n<h6>PROPIA<\/h6>\n<\/td>\n<td style=\"text-align: center;\">\n<h6>WWW.SONNET.ES<\/h6>\n<\/td>\n<td style=\"text-align: center;\">\n<h6>GUARDAR CONFIGURACI\u00d3N DE LENGUAJE.<\/h6>\n<\/td>\n<td style=\"text-align: center;\"><\/td>\n<\/tr>\n<tr>\n<td style=\"text-align: center;\">\n<h6>CMPLZ_RT_BANNER-STATUS<\/h6>\n<\/td>\n<td style=\"text-align: center;\">\n<h6>PROPIA<\/h6>\n<\/td>\n<td style=\"text-align: center;\">\n<h6>WWW.SONNET.ES<\/h6>\n<\/td>\n<td style=\"text-align: center;\">\n<h6>COOKIE PERTENECIENTE AL PLUGIN DE GESTI\u00d3N DE COOKIES QUE CONTIENE LA WEB.<\/h6>\n<\/td>\n<td style=\"text-align: center;\"><\/td>\n<\/tr>\n<tr>\n<td style=\"text-align: center;\">\n<h6>CMPLZ_RT_CONSENTED_SERVICES<\/h6>\n<\/td>\n<td style=\"text-align: center;\">\n<h6>PROPIA<\/h6>\n<\/td>\n<td style=\"text-align: center;\">\n<h6>WWW.SONNET.ES<\/h6>\n<\/td>\n<td style=\"text-align: center;\">\n<h6>GUARDA PREFERENCIAS EN EL CONSENTIMIENTO DE COOKIES.<\/h6>\n<\/td>\n<td style=\"text-align: center;\"><\/td>\n<\/tr>\n<tr>\n<td style=\"text-align: center;\">\n<h6>CMPLZ_RT_FUNCTIONAL<\/h6>\n<\/td>\n<td style=\"text-align: center;\">\n<h6>PROPIA<\/h6>\n<\/td>\n<td style=\"text-align: center;\">\n<h6>WWW.SONNET.ES<\/h6>\n<\/td>\n<td style=\"text-align: center;\">\n<h6>COOKIE PERTENECIENTE AL PLUGIN DE GESTI\u00d3N DE COOKIES QUE CONTIENE LA WEB.<\/h6>\n<\/td>\n<td style=\"text-align: center;\">\n<h6><a href=\"https:\/\/complianz.io\/legal\/privacy-statement\/\">https:\/\/complianz.io\/legal\/privacy-statement\/<\/a><\/h6>\n<\/td>\n<\/tr>\n<tr>\n<td style=\"text-align: center;\">\n<h6>CMPLZ_RT_MARKETING<\/h6>\n<\/td>\n<td style=\"text-align: center;\">\n<h6>PROPIA<\/h6>\n<\/td>\n<td style=\"text-align: center;\">\n<h6>WWW.SONNET.ES<\/h6>\n<\/td>\n<td style=\"text-align: center;\">\n<h6>GUARDA PREFERENCIAS EN EL CONSENTIMIENTO DE COOKIES.<\/h6>\n<\/td>\n<td style=\"text-align: center;\"><\/td>\n<\/tr>\n<tr>\n<td style=\"text-align: center;\">\n<h6>CMPLZ_RT_POLICY_ID<\/h6>\n<\/td>\n<td style=\"text-align: center;\">\n<h6>PROPIA<\/h6>\n<\/td>\n<td style=\"text-align: center;\">\n<h6>WWW.SONNET.ES<\/h6>\n<\/td>\n<td style=\"text-align: center;\">\n<h6>ALMACENA LA ID DE LA POL\u00cdTICA DE COOKIES ACEPTADA.<\/h6>\n<\/td>\n<td style=\"text-align: center;\"><\/td>\n<\/tr>\n<tr>\n<td style=\"text-align: center;\">\n<h6>CMPLZ_RT_PREFERENCES<\/h6>\n<\/td>\n<td style=\"text-align: center;\">\n<h6>PROPIA<\/h6>\n<\/td>\n<td style=\"text-align: center;\">\n<h6>WWW.SONNET.ES<\/h6>\n<\/td>\n<td style=\"text-align: center;\">\n<h6>ALMACENA LA ID DE LA POL\u00cdTICA DE COOKIES ACEPTADA.<\/h6>\n<\/td>\n<td style=\"text-align: center;\"><\/td>\n<\/tr>\n<tr>\n<td style=\"text-align: center;\">\n<h6>CMPLZ_RT_STATISTICS<\/h6>\n<\/td>\n<td style=\"text-align: center;\">\n<h6>PROPIA<\/h6>\n<\/td>\n<td style=\"text-align: center;\">\n<h6>WWW.SONNET.ES<\/h6>\n<\/td>\n<td style=\"text-align: center;\">\n<h6>GUARDA PREFERENCIAS EN EL CONSENTIMIENTO DE COOKIES.<\/h6>\n<\/td>\n<td style=\"text-align: center;\"><\/td>\n<\/tr>\n<tr>\n<td style=\"text-align: center;\">\n<h6>__CF_BM<\/h6>\n<\/td>\n<td style=\"text-align: center;\">\n<h6>TERCEROS<\/h6>\n<\/td>\n<td style=\"text-align: center;\">\n<h6>VIMEO<\/h6>\n<\/td>\n<td style=\"text-align: center;\">\n<h6>ESTA COOKIE SE UTILIZA PARA DISTINGUIR ENTRE HUMANOS Y BOTS. ESTO ES BENEFICIOSO PARA LA WEB CON EL OBJETO DE ELABORAR INFORMES V\u00c1LIDOS SOBRE EL USO DE SU WEB.<\/h6>\n<\/td>\n<td style=\"text-align: center;\"><\/td>\n<\/tr>\n<tr>\n<td style=\"text-align: center;\">\n<h6>PLAYER, VUID<\/h6>\n<\/td>\n<td style=\"text-align: center;\">\n<h6>TERCEROS<\/h6>\n<\/td>\n<td style=\"text-align: center;\">\n<h6>VIMEO<\/h6>\n<\/td>\n<td style=\"text-align: center;\">\n<h6>RECOPILA DATOS SOBRE LAS VISITAS DEL USUARIO AL SITIO WEB, COMO LAS P\u00c1GINAS QUE SE HAN LE\u00cdDO.<\/h6>\n<\/td>\n<td style=\"text-align: center;\">\n<h6><a href=\"http:\/\/HTTPS:\/\/VIMEO.COM\/COOKIE_POLICY\">HTTPS:\/\/VIMEO.COM\/COOKIE_POLICY<\/a><\/h6>\n<\/td>\n<\/tr>\n<tr>\n<td style=\"text-align: center;\">\n<h6>VUID<\/h6>\n<\/td>\n<td style=\"text-align: center;\">\n<h6>TERCEROS<\/h6>\n<\/td>\n<td style=\"text-align: center;\">\n<h6>VIMEO<\/h6>\n<\/td>\n<td style=\"text-align: center;\">\n<h6>RECOPILA DATOS SOBRE LAS VISITAS DEL USUARIO AL SITIO WEB, COMO LAS P\u00c1GINAS QUE SE HAN LE\u00cdDO.<\/h6>\n<\/td>\n<td style=\"text-align: center;\">\n<h6><a href=\"http:\/\/HTTPS:\/\/VIMEO.COM\/COOKIE_POLICY\">HTTPS:\/\/VIMEO.COM\/COOKIE_POLICY<\/a><\/h6>\n<\/td>\n<\/tr>\n<\/tbody>\n<\/table>\n<p>&nbsp;<\/p>\n<p>Nota: Las cookies de tipo \u201cPropias\u201d son utilizadas s\u00f3lo por el propietario de esta web y las cookies \u201cDe terceros\u201d son utilizadas, tambi\u00e9n, por el prestador del servicio que est\u00e1 detallado en el cuadro anterior.<\/p>\n<p><strong>Configuraci\u00f3n del navegador para la revocaci\u00f3n y retirada del consentimiento para el uso de las cookies.<\/strong><\/p>\n<p>FINCA SON NET S.L. recuerda a sus usuarios de la web que el uso de cookies podr\u00e1 estar sujeto a su aceptaci\u00f3n durante la instalaci\u00f3n o actualizaci\u00f3n del navegador utilizado por \u00e9stos. Esta aceptaci\u00f3n podr\u00e1 ser revocada mediante las opciones de configuraci\u00f3n de contenidos y privacidad disponibles en el mismo. FINCA SON NET S.L. recomienda a sus usuarios que consulten la ayuda de su navegador o acceda a las p\u00e1ginas web de ayuda de los principales navegadores:<\/p>\n<p>Firefox: <a href=\"https:\/\/support.mozilla.org\/es\/kb\/habilitar-y-deshabilitar-cookies-sitios-web-rastrear-preferencias\">https:\/\/support.mozilla.org\/es\/kb\/habilitar-y-deshabilitar-cookies-sitios-web-rastrear-preferencias<\/a><\/p>\n<p>Chrome : <a href=\"https:\/\/support.google.com\/chrome\/answer\/95647?co=GENIE.Platform%3DDesktop&amp;hl=es-419\">https:\/\/support.google.com\/chrome\/answer\/95647?co=GENIE.Platform%3DDesktop&amp;hl=es-419<\/a><\/p>\n<p>Explorer : <a href=\"https:\/\/support.microsoft.com\/es-es\/help\/17442\/windows-internet-explorer-delete-manage-cookies\">https:\/\/support.microsoft.com\/es-es\/help\/17442\/windows-internet-explorer-delete-manage-cookies<\/a><\/p>\n<p>Safari: <a href=\"https:\/\/support.apple.com\/es-es\/guide\/safari\/sfri11471\/mac\">https:\/\/support.apple.com\/es-es\/guide\/safari\/sfri11471\/mac<\/a><\/p>\n<p>Opera: <a href=\"https:\/\/help.opera.com\/en\/latest\/web-preferences\/\">https:\/\/help.opera.com\/en\/latest\/web-preferences\/<\/a><\/p>\n<p>Otros navegadores: consulte la documentaci\u00f3n del navegador que tenga instalado.<\/p>\n<p>Si el usuario deseara m\u00e1s informaci\u00f3n sobre c\u00f3mo revocar el consentimiento prestado o sobre el procedimiento para deshabilitar las cookies, as\u00ed como realizar alguna pregunta sobre la Pol\u00edtica de Cookies de la web, se puede poner en contacto con FINCA SON NET S.L. a trav\u00e9s de la siguiente direcci\u00f3n <a href=\"mailto:KCETIN@SONNET.ES\">KCETIN@SONNET.ES<\/a> indicando en el asunto \u201cPol\u00edtica de Cookies\u201d.<\/p>\n<p><strong>Cambios en la pol\u00edtica de Privacidad \/ Cookies.<\/strong><\/p>\n<p>La web puede modificar esta Pol\u00edtica de Cookies en funci\u00f3n de exigencias legislativas, reglamentarias, o con la finalidad de adaptar dicha pol\u00edtica a las instrucciones dictadas por la Agencia Espa\u00f1ola de Protecci\u00f3n de Datos, por ello se aconseja a los Usuarios que la visiten peri\u00f3dicamente.<\/p>\n<p>Cuando se produzcan cambios significativos en esta Pol\u00edtica de Cookies, se comunicar\u00e1n a<br \/>\nlos Usuarios mediante la web <a href=\"http:\/\/WWW.SONNET.ES\">WWW.SONNET.ES<\/a>.<\/p>\n","protected":false},"excerpt":{"rendered":"<p>\u00bfQu\u00e9 son las cookies? Una cookie es un fichero que se descarga en su ordenador al acceder a determinadas p\u00e1ginas web. Las cookies permiten a una p\u00e1gina web, entre otras cosas, almacenar y recuperar informaci\u00f3n sobre h\u00e1bitos de navegaci\u00f3n de un usuario o de su equipo y, dependiendo de la informaci\u00f3n que contengan y de [&hellip;]<\/p>\n","protected":false},"author":2,"featured_media":0,"parent":0,"menu_order":0,"comment_status":"closed","ping_status":"closed","template":"","meta":{"_acf_changed":false,"inline_featured_image":false,"footnotes":""},"class_list":["post-2115","page","type-page","status-publish","hentry"],"acf":[],"yoast_head":"<!-- This site is optimized with the Yoast SEO plugin v27.3 - https:\/\/yoast.com\/product\/yoast-seo-wordpress\/ -->\n<title>Pol\u00edtica de cookies - Grand Hotel Son Net<\/title>\n<meta name=\"robots\" content=\"index, follow, max-snippet:-1, max-image-preview:large, max-video-preview:-1\" \/>\n<link rel=\"canonical\" href=\"https:\/\/sonnet.es\/es\/politica-de-cookies\/\" \/>\n<meta property=\"og:locale\" content=\"es_ES\" \/>\n<meta property=\"og:type\" content=\"article\" \/>\n<meta property=\"og:title\" content=\"Pol\u00edtica de cookies - Grand Hotel Son Net\" \/>\n<meta property=\"og:description\" content=\"\u00bfQu\u00e9 son las cookies? Una cookie es un fichero que se descarga en su ordenador al acceder a determinadas p\u00e1ginas web. Las cookies permiten a una p\u00e1gina web, entre otras cosas, almacenar y recuperar informaci\u00f3n sobre h\u00e1bitos de navegaci\u00f3n de un usuario o de su equipo y, dependiendo de la informaci\u00f3n que contengan y de [&hellip;]\" \/>\n<meta property=\"og:url\" content=\"https:\/\/sonnet.es\/es\/politica-de-cookies\/\" \/>\n<meta property=\"og:site_name\" content=\"Grand Hotel Son Net\" \/>\n<meta property=\"article:modified_time\" content=\"2023-12-12T10:58:13+00:00\" \/>\n<meta name=\"twitter:card\" content=\"summary_large_image\" \/>\n<meta name=\"twitter:label1\" content=\"Tiempo de lectura\" \/>\n\t<meta name=\"twitter:data1\" content=\"7 minutos\" \/>\n<script type=\"application\/ld+json\" class=\"yoast-schema-graph\">{\"@context\":\"https:\\\/\\\/schema.org\",\"@graph\":[{\"@type\":\"WebPage\",\"@id\":\"https:\\\/\\\/sonnet.es\\\/es\\\/politica-de-cookies\\\/\",\"url\":\"https:\\\/\\\/sonnet.es\\\/es\\\/politica-de-cookies\\\/\",\"name\":\"Pol\u00edtica de cookies - Grand Hotel Son Net\",\"isPartOf\":{\"@id\":\"https:\\\/\\\/sonnet.es\\\/#website\"},\"datePublished\":\"2023-07-08T08:00:04+00:00\",\"dateModified\":\"2023-12-12T10:58:13+00:00\",\"breadcrumb\":{\"@id\":\"https:\\\/\\\/sonnet.es\\\/es\\\/politica-de-cookies\\\/#breadcrumb\"},\"inLanguage\":\"es\",\"potentialAction\":[{\"@type\":\"ReadAction\",\"target\":[\"https:\\\/\\\/sonnet.es\\\/es\\\/politica-de-cookies\\\/\"]}]},{\"@type\":\"BreadcrumbList\",\"@id\":\"https:\\\/\\\/sonnet.es\\\/es\\\/politica-de-cookies\\\/#breadcrumb\",\"itemListElement\":[{\"@type\":\"ListItem\",\"position\":1,\"name\":\"Home\",\"item\":\"https:\\\/\\\/sonnet.es\\\/es\\\/\"},{\"@type\":\"ListItem\",\"position\":2,\"name\":\"Pol\u00edtica de cookies\"}]},{\"@type\":\"WebSite\",\"@id\":\"https:\\\/\\\/sonnet.es\\\/#website\",\"url\":\"https:\\\/\\\/sonnet.es\\\/\",\"name\":\"Grand Hotel Son Net\",\"description\":\"A Cortesin Hotel\",\"potentialAction\":[{\"@type\":\"SearchAction\",\"target\":{\"@type\":\"EntryPoint\",\"urlTemplate\":\"https:\\\/\\\/sonnet.es\\\/?s={search_term_string}\"},\"query-input\":{\"@type\":\"PropertyValueSpecification\",\"valueRequired\":true,\"valueName\":\"search_term_string\"}}],\"inLanguage\":\"es\"}]}<\/script>\n<!-- \/ Yoast SEO plugin. -->","yoast_head_json":{"title":"Pol\u00edtica de cookies - Grand Hotel Son Net","robots":{"index":"index","follow":"follow","max-snippet":"max-snippet:-1","max-image-preview":"max-image-preview:large","max-video-preview":"max-video-preview:-1"},"canonical":"https:\/\/sonnet.es\/es\/politica-de-cookies\/","og_locale":"es_ES","og_type":"article","og_title":"Pol\u00edtica de cookies - Grand Hotel Son Net","og_description":"\u00bfQu\u00e9 son las cookies? Una cookie es un fichero que se descarga en su ordenador al acceder a determinadas p\u00e1ginas web. Las cookies permiten a una p\u00e1gina web, entre otras cosas, almacenar y recuperar informaci\u00f3n sobre h\u00e1bitos de navegaci\u00f3n de un usuario o de su equipo y, dependiendo de la informaci\u00f3n que contengan y de [&hellip;]","og_url":"https:\/\/sonnet.es\/es\/politica-de-cookies\/","og_site_name":"Grand Hotel Son Net","article_modified_time":"2023-12-12T10:58:13+00:00","twitter_card":"summary_large_image","twitter_misc":{"Tiempo de lectura":"7 minutos"},"schema":{"@context":"https:\/\/schema.org","@graph":[{"@type":"WebPage","@id":"https:\/\/sonnet.es\/es\/politica-de-cookies\/","url":"https:\/\/sonnet.es\/es\/politica-de-cookies\/","name":"Pol\u00edtica de cookies - Grand Hotel Son Net","isPartOf":{"@id":"https:\/\/sonnet.es\/#website"},"datePublished":"2023-07-08T08:00:04+00:00","dateModified":"2023-12-12T10:58:13+00:00","breadcrumb":{"@id":"https:\/\/sonnet.es\/es\/politica-de-cookies\/#breadcrumb"},"inLanguage":"es","potentialAction":[{"@type":"ReadAction","target":["https:\/\/sonnet.es\/es\/politica-de-cookies\/"]}]},{"@type":"BreadcrumbList","@id":"https:\/\/sonnet.es\/es\/politica-de-cookies\/#breadcrumb","itemListElement":[{"@type":"ListItem","position":1,"name":"Home","item":"https:\/\/sonnet.es\/es\/"},{"@type":"ListItem","position":2,"name":"Pol\u00edtica de cookies"}]},{"@type":"WebSite","@id":"https:\/\/sonnet.es\/#website","url":"https:\/\/sonnet.es\/","name":"Grand Hotel Son Net","description":"A Cortesin Hotel","potentialAction":[{"@type":"SearchAction","target":{"@type":"EntryPoint","urlTemplate":"https:\/\/sonnet.es\/?s={search_term_string}"},"query-input":{"@type":"PropertyValueSpecification","valueRequired":true,"valueName":"search_term_string"}}],"inLanguage":"es"}]}},"_links":{"self":[{"href":"https:\/\/sonnet.es\/es\/wp-json\/wp\/v2\/pages\/2115","targetHints":{"allow":["GET"]}}],"collection":[{"href":"https:\/\/sonnet.es\/es\/wp-json\/wp\/v2\/pages"}],"about":[{"href":"https:\/\/sonnet.es\/es\/wp-json\/wp\/v2\/types\/page"}],"author":[{"embeddable":true,"href":"https:\/\/sonnet.es\/es\/wp-json\/wp\/v2\/users\/2"}],"replies":[{"embeddable":true,"href":"https:\/\/sonnet.es\/es\/wp-json\/wp\/v2\/comments?post=2115"}],"version-history":[{"count":6,"href":"https:\/\/sonnet.es\/es\/wp-json\/wp\/v2\/pages\/2115\/revisions"}],"predecessor-version":[{"id":2943,"href":"https:\/\/sonnet.es\/es\/wp-json\/wp\/v2\/pages\/2115\/revisions\/2943"}],"wp:attachment":[{"href":"https:\/\/sonnet.es\/es\/wp-json\/wp\/v2\/media?parent=2115"}],"curies":[{"name":"wp","href":"https:\/\/api.w.org\/{rel}","templated":true}]}}